{"id":13,"date":"2025-10-13T08:14:12","date_gmt":"2025-10-13T08:14:12","guid":{"rendered":"https:\/\/www.sanatipmerkezi.com\/?page_id=13"},"modified":"2025-10-17T11:42:56","modified_gmt":"2025-10-17T11:42:56","slug":"cookie-policy","status":"publish","type":"page","link":"https:\/\/www.sanatipmerkezi.com\/en\/cookie-policy\/","title":{"rendered":"Cookie Policy"},"content":{"rendered":"<div data-elementor-type=\"wp-page\" data-elementor-id=\"13\" class=\"elementor elementor-13\">\n\t\t\t\t\t\t<section class=\"elementor-section elementor-top-section elementor-element elementor-element-2c98bb62 pbmit-col-stretched-none pbmit-bg-color-over-image elementor-section-boxed elementor-section-height-default elementor-section-height-default\" data-id=\"2c98bb62\" data-element_type=\"section\">\n\t\t\t\t\t\t<div class=\"elementor-container elementor-column-gap-default\">\n\t\t\t\t\t<div class=\"elementor-column elementor-col-100 elementor-top-column elementor-element elementor-element-20bc6de pbmit-bg-color-over-image\" data-id=\"20bc6de\" data-element_type=\"column\">\n\t\t\t<div class=\"elementor-widget-wrap elementor-element-populated\">\n\t\t\t\t\t\t<div class=\"elementor-element elementor-element-6ad74b09 elementor-widget elementor-widget-text-editor\" data-id=\"6ad74b09\" data-element_type=\"widget\" data-widget_type=\"text-editor.default\">\n\t\t\t\t<div class=\"elementor-widget-container\">\n\t\t\t\t\t\t\t\t\t\n<p><b>Cookie Policy<\/b><\/p>\n<p>Sana Medical Center (\u201cOur Institution\u201d) uses cookies to provide you with better service, enhance your user experience, increase the effectiveness of our website, and deliver content tailored to your preferences.<\/p>\n<p>This Cookie Policy explains what types of cookies are collected when you visit our website, the purposes for which they are used, and your rights in this process.<\/p>\n<p><b>1. What is a Cookie?<\/b><\/p>\n<p>Cookies are small data files stored on your browser or device by the websites you visit. Cookies enable the websites you visit to remember your preferences and provide you with a more personalized experience.<\/p>\n<p><b>2. What Types of Cookies Do We Use?<\/b><\/p>\n<p>The following types of cookies may be used on our website:<\/p>\n<ul>\n<li><b>Essential Cookies:<\/b> It is necessary for the site to function securely and correctly. Without these cookies, the site's functions will not work properly.<\/li>\n<li><b>Performance Cookies:<\/b> It is used to analyze site traffic and user behavior anonymously. This allows us to improve our services.<\/li>\n<li><b>Functional Cookies:<\/b> It provides a more personalized experience by remembering your preferences (language selection, login information, etc.).<\/li>\n<li><b>Marketing\/Advertising Cookies:<\/b> It only activates with your explicit consent. It ensures that campaigns or content tailored to your interests are delivered to you.<\/li>\n<\/ul>\n<p><b>3. Purposes of Using Cookies<\/b><\/p>\n<ul>\n<li>Ensuring that our website operates securely, quickly, and efficiently,<\/li>\n<li>Improving and personalizing the user experience,<\/li>\n<li>To obtain statistical data and improve site performance,<\/li>\n<li>Comply with relevant legal regulations.<\/li>\n<\/ul>\n<p><b>4. Managing Cookies<\/b><\/p>\n<p>You can change your cookie settings at any time through your browser, block certain cookies, or delete them. However, please note that disabling cookies may prevent some features of our website from functioning properly.<\/p>\n<p><b>5. Protection of Personal Data<\/b><\/p>\n<p>Your personal data obtained through cookies; Law No. 6698 <b>Personal Data Protection Law (KVKK)<\/b> and is being processed in accordance with the relevant legislation. For detailed information, <b>\u201cInformation Notice Regarding the Processing of Personal Data\u201d<\/b> you can reach it through.<\/p>\n\t\t\t\t\t\t\t\t<\/div>\n\t\t\t\t<\/div>\n\t\t\t\t\t<\/div>\n\t\t<\/div>\n\t\t\t\t\t<\/div>\n\t\t<\/section>\n\t\t\t\t<\/div>","protected":false},"excerpt":{"rendered":"<p>\u00c7erez Politikas\u0131 Sana T\u0131p Merkezi (\u201cKurumumuz\u201d), sizlere daha iyi hizmet verebilmek, kullan\u0131c\u0131 deneyiminizi geli\u015ftirmek, web sitemizin etkinli\u011fini art\u0131rmak ve tercihlerinize uygun i\u00e7erik sunmak amac\u0131yla \u00e7erezler kullanmaktad\u0131r. Bu \u00c7erez Politikas\u0131, web sitemizi ziyaret etti\u011finizde hangi t\u00fcr \u00e7erezlerin topland\u0131\u011f\u0131n\u0131, bunlar\u0131n hangi ama\u00e7larla kullan\u0131ld\u0131\u011f\u0131n\u0131 ve bu s\u00fcre\u00e7te haklar\u0131n\u0131z\u0131 a\u00e7\u0131klamaktad\u0131r. 1. \u00c7erez Nedir? \u00c7erezler; ziyaret etti\u011finiz internet siteleri taraf\u0131ndan [&hellip;]<\/p>","protected":false},"author":1,"featured_media":0,"parent":0,"menu_order":0,"comment_status":"closed","ping_status":"closed","template":"","meta":{"_acf_changed":false,"inline_featured_image":false,"footnotes":""},"class_list":["post-13","page","type-page","status-publish","hentry"],"acf":[],"_links":{"self":[{"href":"https:\/\/www.sanatipmerkezi.com\/en\/wp-json\/wp\/v2\/pages\/13","targetHints":{"allow":["GET"]}}],"collection":[{"href":"https:\/\/www.sanatipmerkezi.com\/en\/wp-json\/wp\/v2\/pages"}],"about":[{"href":"https:\/\/www.sanatipmerkezi.com\/en\/wp-json\/wp\/v2\/types\/page"}],"author":[{"embeddable":true,"href":"https:\/\/www.sanatipmerkezi.com\/en\/wp-json\/wp\/v2\/users\/1"}],"replies":[{"embeddable":true,"href":"https:\/\/www.sanatipmerkezi.com\/en\/wp-json\/wp\/v2\/comments?post=13"}],"version-history":[{"count":0,"href":"https:\/\/www.sanatipmerkezi.com\/en\/wp-json\/wp\/v2\/pages\/13\/revisions"}],"wp:attachment":[{"href":"https:\/\/www.sanatipmerkezi.com\/en\/wp-json\/wp\/v2\/media?parent=13"}],"curies":[{"name":"wp","href":"https:\/\/api.w.org\/{rel}","templated":true}]}}